{"id":15,"date":"2023-06-19T06:16:13","date_gmt":"2023-06-19T06:16:13","guid":{"rendered":"https:\/\/sandexplorer.online\/?page_id=15"},"modified":"2023-06-19T11:20:38","modified_gmt":"2023-06-19T11:20:38","slug":"uber-uns","status":"publish","type":"page","link":"https:\/\/sandexplorer.online\/en\/uber-uns\/","title":{"rendered":"About Us"},"content":{"rendered":"<p class=\"has-sixth-color has-text-color has-secondary-font-family has-small-font-size\">Sand Explorer operates, leases and finances hospitality properties internationally. We create a rapidly growing, flexible portfolio of high quality, high yield properties that are leased to tourists and business travelers under multiple brands in multiple countries.<\/p>\n\n\n\n<p class=\"has-sixth-color has-text-color has-secondary-font-family has-small-font-size\">We are specialists in the leasing and operation of hospitality real estate with many years of experience. Since 2015, at that time under a different name, we have built up hospitality operations in various markets.<\/p>\n\n\n\n<figure class=\"wp-block-image size-large is-resized has-custom-border\"><img loading=\"lazy\" decoding=\"async\" src=\"https:\/\/sandexplorer.online\/wp-content\/uploads\/2023\/06\/1-3-1024x683.jpg\" alt=\"\" class=\"wp-image-49\" style=\"border-radius:100px\" width=\"768\" height=\"512\" srcset=\"https:\/\/sandexplorer.online\/wp-content\/uploads\/2023\/06\/1-3-1024x683.jpg 1024w, https:\/\/sandexplorer.online\/wp-content\/uploads\/2023\/06\/1-3-300x200.jpg 300w, https:\/\/sandexplorer.online\/wp-content\/uploads\/2023\/06\/1-3-768x512.jpg 768w, https:\/\/sandexplorer.online\/wp-content\/uploads\/2023\/06\/1-3-1536x1024.jpg 1536w\" sizes=\"auto, (max-width: 768px) 100vw, 768px\" \/><\/figure>\n\n\n\n<p class=\"has-sixth-color has-text-color has-secondary-font-family has-small-font-size\">Sand Explorer primarily works in large cities. We do not operate properties ourselves, but we work on the basis of an operator model with various partners. Our focus is on financing and growth, our partners take care of the day-to-day business.<\/p>\n\n\n\n<p class=\"has-sixth-color has-text-color has-secondary-font-family has-small-font-size\">We are constantly expanding and extending our worldwide hospitality network. We advise the hospitality industry on growth and structure. Sand Explorer is international: we are developing a virtual hospitality chain under our central brand.<\/p>","protected":false},"excerpt":{"rendered":"<p>Sand Explorer betreibt, vermietet und finanziert international Hospitality-Immobilien. Wir schaffen ein stark wachsendes, flexibles Portfolio aus hochqualitativen, renditestarken Immobilien, die an Touristen und Gesch\u00e4ftsreisende unter mehreren Brands in mehreren L\u00e4ndern vermietet werden. Wir sind Spezialisten der Vermietung und Betrieb von Hospitality-Immobilien mit langj\u00e4hriger Expertise. Seit 2015 haben wir, damals noch unter anderer Firmierung, Hospitality-Betriebe in diversen M\u00e4rkten aufgebaut. Sand Explorer arbeitet haupts\u00e4chlich in Gro\u00dfst\u00e4dten. Wir betreiben nicht selbst, sondern wir arbeiten nach einem Betreibermodell mit diversen Partnern. Unser Fokus liegt auf der Finanzierung und dem Wachstum, unsere Partner k\u00fcmmern sich um das Tagesgesch\u00e4ft. Wir arbeiten st\u00e4ndig an der Expansion und<\/p>","protected":false},"author":1,"featured_media":0,"parent":0,"menu_order":0,"comment_status":"closed","ping_status":"closed","template":"","meta":{"nf_dc_page":"","om_disable_all_campaigns":false,"_monsterinsights_skip_tracking":false,"_monsterinsights_sitenote_active":false,"_monsterinsights_sitenote_note":"","_monsterinsights_sitenote_category":0,"footnotes":""},"class_list":["post-15","page","type-page","status-publish","hentry"],"yoast_head":"<!-- This site is optimized with the Yoast SEO plugin v27.5 - https:\/\/yoast.com\/product\/yoast-seo-wordpress\/ -->\n<title>\u00dcber uns - Sand Explorer GmbH<\/title>\n<meta name=\"robots\" content=\"index, follow, max-snippet:-1, max-image-preview:large, max-video-preview:-1\" \/>\n<link rel=\"canonical\" href=\"https:\/\/sandexplorer.online\/en\/uber-uns\/\" \/>\n<meta property=\"og:locale\" content=\"en_US\" \/>\n<meta property=\"og:type\" content=\"article\" \/>\n<meta property=\"og:title\" content=\"\u00dcber uns - Sand Explorer GmbH\" \/>\n<meta property=\"og:description\" content=\"Sand Explorer betreibt, vermietet und finanziert international Hospitality-Immobilien. Wir schaffen ein stark wachsendes, flexibles Portfolio aus hochqualitativen, renditestarken Immobilien, die an Touristen und Gesch\u00e4ftsreisende unter mehreren Brands in mehreren L\u00e4ndern vermietet werden. Wir sind Spezialisten der Vermietung und Betrieb von Hospitality-Immobilien mit langj\u00e4hriger Expertise. Seit 2015 haben wir, damals noch unter anderer Firmierung, Hospitality-Betriebe in diversen M\u00e4rkten aufgebaut. Sand Explorer arbeitet haupts\u00e4chlich in Gro\u00dfst\u00e4dten. Wir betreiben nicht selbst, sondern wir arbeiten nach einem Betreibermodell mit diversen Partnern. Unser Fokus liegt auf der Finanzierung und dem Wachstum, unsere Partner k\u00fcmmern sich um das Tagesgesch\u00e4ft. Wir arbeiten st\u00e4ndig an der Expansion und\" \/>\n<meta property=\"og:url\" content=\"https:\/\/sandexplorer.online\/en\/uber-uns\/\" \/>\n<meta property=\"og:site_name\" content=\"Sand Explorer GmbH\" \/>\n<meta property=\"article:modified_time\" content=\"2023-06-19T11:20:38+00:00\" \/>\n<meta property=\"og:image\" content=\"https:\/\/sandexplorer.online\/wp-content\/uploads\/2023\/06\/1-3-1024x683.jpg\" \/>\n<meta name=\"twitter:card\" content=\"summary_large_image\" \/>\n<meta name=\"twitter:label1\" content=\"Est. reading time\" \/>\n\t<meta name=\"twitter:data1\" content=\"1 minute\" \/>\n<script type=\"application\/ld+json\" class=\"yoast-schema-graph\">{\"@context\":\"https:\\\/\\\/schema.org\",\"@graph\":[{\"@type\":\"WebPage\",\"@id\":\"https:\\\/\\\/sandexplorer.online\\\/uber-uns\\\/\",\"url\":\"https:\\\/\\\/sandexplorer.online\\\/uber-uns\\\/\",\"name\":\"\u00dcber uns - Sand Explorer GmbH\",\"isPartOf\":{\"@id\":\"https:\\\/\\\/sandexplorer.online\\\/#website\"},\"primaryImageOfPage\":{\"@id\":\"https:\\\/\\\/sandexplorer.online\\\/uber-uns\\\/#primaryimage\"},\"image\":{\"@id\":\"https:\\\/\\\/sandexplorer.online\\\/uber-uns\\\/#primaryimage\"},\"thumbnailUrl\":\"https:\\\/\\\/sandexplorer.online\\\/wp-content\\\/uploads\\\/2023\\\/06\\\/1-3-1024x683.jpg\",\"datePublished\":\"2023-06-19T06:16:13+00:00\",\"dateModified\":\"2023-06-19T11:20:38+00:00\",\"breadcrumb\":{\"@id\":\"https:\\\/\\\/sandexplorer.online\\\/uber-uns\\\/#breadcrumb\"},\"inLanguage\":\"en-US\",\"potentialAction\":[{\"@type\":\"ReadAction\",\"target\":[\"https:\\\/\\\/sandexplorer.online\\\/uber-uns\\\/\"]}]},{\"@type\":\"ImageObject\",\"inLanguage\":\"en-US\",\"@id\":\"https:\\\/\\\/sandexplorer.online\\\/uber-uns\\\/#primaryimage\",\"url\":\"https:\\\/\\\/sandexplorer.online\\\/wp-content\\\/uploads\\\/2023\\\/06\\\/1-3-1024x683.jpg\",\"contentUrl\":\"https:\\\/\\\/sandexplorer.online\\\/wp-content\\\/uploads\\\/2023\\\/06\\\/1-3-1024x683.jpg\"},{\"@type\":\"BreadcrumbList\",\"@id\":\"https:\\\/\\\/sandexplorer.online\\\/uber-uns\\\/#breadcrumb\",\"itemListElement\":[{\"@type\":\"ListItem\",\"position\":1,\"name\":\"Home\",\"item\":\"https:\\\/\\\/sandexplorer.online\\\/\"},{\"@type\":\"ListItem\",\"position\":2,\"name\":\"\u00dcber uns\"}]},{\"@type\":\"WebSite\",\"@id\":\"https:\\\/\\\/sandexplorer.online\\\/#website\",\"url\":\"https:\\\/\\\/sandexplorer.online\\\/\",\"name\":\"Sand Explorer GmbH\",\"description\":\"Internationale Hospitality-Immobilien\",\"publisher\":{\"@id\":\"https:\\\/\\\/sandexplorer.online\\\/#organization\"},\"potentialAction\":[{\"@type\":\"SearchAction\",\"target\":{\"@type\":\"EntryPoint\",\"urlTemplate\":\"https:\\\/\\\/sandexplorer.online\\\/?s={search_term_string}\"},\"query-input\":{\"@type\":\"PropertyValueSpecification\",\"valueRequired\":true,\"valueName\":\"search_term_string\"}}],\"inLanguage\":\"en-US\"},{\"@type\":\"Organization\",\"@id\":\"https:\\\/\\\/sandexplorer.online\\\/#organization\",\"name\":\"Sand Explorer GmbH\",\"url\":\"https:\\\/\\\/sandexplorer.online\\\/\",\"logo\":{\"@type\":\"ImageObject\",\"inLanguage\":\"en-US\",\"@id\":\"https:\\\/\\\/sandexplorer.online\\\/#\\\/schema\\\/logo\\\/image\\\/\",\"url\":\"https:\\\/\\\/sandexplorer.online\\\/wp-content\\\/uploads\\\/2023\\\/06\\\/Sand-Explorer-Logo-weis.png\",\"contentUrl\":\"https:\\\/\\\/sandexplorer.online\\\/wp-content\\\/uploads\\\/2023\\\/06\\\/Sand-Explorer-Logo-weis.png\",\"width\":600,\"height\":242,\"caption\":\"Sand Explorer GmbH\"},\"image\":{\"@id\":\"https:\\\/\\\/sandexplorer.online\\\/#\\\/schema\\\/logo\\\/image\\\/\"}}]}<\/script>\n<!-- \/ Yoast SEO plugin. -->","yoast_head_json":{"title":"\u00dcber uns - Sand Explorer GmbH","robots":{"index":"index","follow":"follow","max-snippet":"max-snippet:-1","max-image-preview":"max-image-preview:large","max-video-preview":"max-video-preview:-1"},"canonical":"https:\/\/sandexplorer.online\/en\/uber-uns\/","og_locale":"en_US","og_type":"article","og_title":"\u00dcber uns - Sand Explorer GmbH","og_description":"Sand Explorer betreibt, vermietet und finanziert international Hospitality-Immobilien. Wir schaffen ein stark wachsendes, flexibles Portfolio aus hochqualitativen, renditestarken Immobilien, die an Touristen und Gesch\u00e4ftsreisende unter mehreren Brands in mehreren L\u00e4ndern vermietet werden. Wir sind Spezialisten der Vermietung und Betrieb von Hospitality-Immobilien mit langj\u00e4hriger Expertise. Seit 2015 haben wir, damals noch unter anderer Firmierung, Hospitality-Betriebe in diversen M\u00e4rkten aufgebaut. Sand Explorer arbeitet haupts\u00e4chlich in Gro\u00dfst\u00e4dten. Wir betreiben nicht selbst, sondern wir arbeiten nach einem Betreibermodell mit diversen Partnern. Unser Fokus liegt auf der Finanzierung und dem Wachstum, unsere Partner k\u00fcmmern sich um das Tagesgesch\u00e4ft. Wir arbeiten st\u00e4ndig an der Expansion und","og_url":"https:\/\/sandexplorer.online\/en\/uber-uns\/","og_site_name":"Sand Explorer GmbH","article_modified_time":"2023-06-19T11:20:38+00:00","og_image":[{"url":"https:\/\/sandexplorer.online\/wp-content\/uploads\/2023\/06\/1-3-1024x683.jpg","type":"","width":"","height":""}],"twitter_card":"summary_large_image","twitter_misc":{"Est. reading time":"1 minute"},"schema":{"@context":"https:\/\/schema.org","@graph":[{"@type":"WebPage","@id":"https:\/\/sandexplorer.online\/uber-uns\/","url":"https:\/\/sandexplorer.online\/uber-uns\/","name":"\u00dcber uns - Sand Explorer GmbH","isPartOf":{"@id":"https:\/\/sandexplorer.online\/#website"},"primaryImageOfPage":{"@id":"https:\/\/sandexplorer.online\/uber-uns\/#primaryimage"},"image":{"@id":"https:\/\/sandexplorer.online\/uber-uns\/#primaryimage"},"thumbnailUrl":"https:\/\/sandexplorer.online\/wp-content\/uploads\/2023\/06\/1-3-1024x683.jpg","datePublished":"2023-06-19T06:16:13+00:00","dateModified":"2023-06-19T11:20:38+00:00","breadcrumb":{"@id":"https:\/\/sandexplorer.online\/uber-uns\/#breadcrumb"},"inLanguage":"en-US","potentialAction":[{"@type":"ReadAction","target":["https:\/\/sandexplorer.online\/uber-uns\/"]}]},{"@type":"ImageObject","inLanguage":"en-US","@id":"https:\/\/sandexplorer.online\/uber-uns\/#primaryimage","url":"https:\/\/sandexplorer.online\/wp-content\/uploads\/2023\/06\/1-3-1024x683.jpg","contentUrl":"https:\/\/sandexplorer.online\/wp-content\/uploads\/2023\/06\/1-3-1024x683.jpg"},{"@type":"BreadcrumbList","@id":"https:\/\/sandexplorer.online\/uber-uns\/#breadcrumb","itemListElement":[{"@type":"ListItem","position":1,"name":"Home","item":"https:\/\/sandexplorer.online\/"},{"@type":"ListItem","position":2,"name":"\u00dcber uns"}]},{"@type":"WebSite","@id":"https:\/\/sandexplorer.online\/#website","url":"https:\/\/sandexplorer.online\/","name":"Sand Explorer GmbH","description":"Hospitality Real Estate - worldwide","publisher":{"@id":"https:\/\/sandexplorer.online\/#organization"},"potentialAction":[{"@type":"SearchAction","target":{"@type":"EntryPoint","urlTemplate":"https:\/\/sandexplorer.online\/?s={search_term_string}"},"query-input":{"@type":"PropertyValueSpecification","valueRequired":true,"valueName":"search_term_string"}}],"inLanguage":"en-US"},{"@type":"Organization","@id":"https:\/\/sandexplorer.online\/#organization","name":"Sand Explorer GmbH","url":"https:\/\/sandexplorer.online\/","logo":{"@type":"ImageObject","inLanguage":"en-US","@id":"https:\/\/sandexplorer.online\/#\/schema\/logo\/image\/","url":"https:\/\/sandexplorer.online\/wp-content\/uploads\/2023\/06\/Sand-Explorer-Logo-weis.png","contentUrl":"https:\/\/sandexplorer.online\/wp-content\/uploads\/2023\/06\/Sand-Explorer-Logo-weis.png","width":600,"height":242,"caption":"Sand Explorer GmbH"},"image":{"@id":"https:\/\/sandexplorer.online\/#\/schema\/logo\/image\/"}}]}},"_links":{"self":[{"href":"https:\/\/sandexplorer.online\/en\/wp-json\/wp\/v2\/pages\/15","targetHints":{"allow":["GET"]}}],"collection":[{"href":"https:\/\/sandexplorer.online\/en\/wp-json\/wp\/v2\/pages"}],"about":[{"href":"https:\/\/sandexplorer.online\/en\/wp-json\/wp\/v2\/types\/page"}],"author":[{"embeddable":true,"href":"https:\/\/sandexplorer.online\/en\/wp-json\/wp\/v2\/users\/1"}],"replies":[{"embeddable":true,"href":"https:\/\/sandexplorer.online\/en\/wp-json\/wp\/v2\/comments?post=15"}],"version-history":[{"count":4,"href":"https:\/\/sandexplorer.online\/en\/wp-json\/wp\/v2\/pages\/15\/revisions"}],"predecessor-version":[{"id":108,"href":"https:\/\/sandexplorer.online\/en\/wp-json\/wp\/v2\/pages\/15\/revisions\/108"}],"wp:attachment":[{"href":"https:\/\/sandexplorer.online\/en\/wp-json\/wp\/v2\/media?parent=15"}],"curies":[{"name":"wp","href":"https:\/\/api.w.org\/{rel}","templated":true}]}}