{"id":17,"date":"2023-06-19T06:17:35","date_gmt":"2023-06-19T06:17:35","guid":{"rendered":"https:\/\/sandexplorer.online\/?page_id=17"},"modified":"2023-06-19T11:34:35","modified_gmt":"2023-06-19T11:34:35","slug":"virtuelles-hotel","status":"publish","type":"page","link":"https:\/\/sandexplorer.online\/en\/virtuelles-hotel\/","title":{"rendered":"Virtual Hotel"},"content":{"rendered":"<p class=\"has-sixth-color has-text-color has-secondary-font-family has-small-font-size\">Sand Explorer develops a virtual hotel chain: We standardize the appearance, standards, marketing and brand of our hospitality operations and present ourselves to the guest under a uniform brand - worldwide.<\/p>\n\n\n\n<p class=\"has-sixth-color has-text-color has-secondary-font-family has-small-font-size\">From IT to marketing, our decentralized hotel chain operates like a local hotel <em>on the ground<\/em>: In this way, we increase the quality for our guests and at the same time utilize all potential savings.<\/p>\n\n\n\n<figure class=\"wp-block-image size-full is-resized has-custom-border\"><img loading=\"lazy\" decoding=\"async\" src=\"https:\/\/sandexplorer.online\/wp-content\/uploads\/2023\/06\/pexels-aleksandar-pasaric-2603464.jpg\" alt=\"\" class=\"wp-image-114\" style=\"border-radius:100px\" width=\"909\" height=\"1122\"\/><\/figure>\n\n\n\n<p class=\"has-sixth-color has-text-color has-secondary-font-family has-small-font-size\">With the help of deep technological integration, we take automation to a new level: from marketing and customer approach to booking, payment and billing, to digital check-in, check-out and complaint management, we automate all processes down to the last detail. And often unnoticed, so that the guest is not \"talking to a machine\". Artificial intelligence also helps us to semi- or fully automate a large number of tasks, including those with an external impact.<\/p>\n\n\n\n<p class=\"has-sixth-color has-text-color has-secondary-font-family has-small-font-size\">The vertical integration of all these processes allows us to grow faster and stronger: We are constantly expanding. The increased efficiency of our virtual hotel chain allows us to present ourselves to the guests with above-average services where these cannot be taken for granted: For example, with a virtual concierge in the 2**-\/3*** environment. We are testing new revenue sources such as resort fees and resort passes and are actively managing fees. In this way, we are further increasing the cost efficiency of our virtual hotel chain.<\/p>","protected":false},"excerpt":{"rendered":"<p>Sand Explorer entwickelt eine virtuelle Hotelkette: Wir vereinheitlichen Auftritt, Standards, Marketing und Brand unserer Hospitality-Betriebe und treten gegen\u00fcber dem Gast unter einheitlicher Marke auf &#8211; weltweit. Von IT bis Marketing arbeitet unsere dezentrale Hotelkette wie ein lokales Hotel on the ground: Damit erh\u00f6hen wir die Qualit\u00e4t f\u00fcr den Gast und nutzen gleichzeitig s\u00e4mtliche Einsparpotentiale. Mit tiefer Integration von Technik heben wir die Automatisierung auf ein neues Level: Von Marketing und Kundenansprache \u00fcber Buchung, Payment und Abrechnung bis hin zu digitalem Check-In, Check-Out und Complaint Management automatisieren wir s\u00e4mtliche Prozesse bis ins Detail. Und zwar h\u00e4ufig unbemerkt, so dass der Gast<\/p>","protected":false},"author":1,"featured_media":0,"parent":0,"menu_order":0,"comment_status":"closed","ping_status":"closed","template":"","meta":{"nf_dc_page":"","om_disable_all_campaigns":false,"_monsterinsights_skip_tracking":false,"_monsterinsights_sitenote_active":false,"_monsterinsights_sitenote_note":"","_monsterinsights_sitenote_category":0,"footnotes":""},"class_list":["post-17","page","type-page","status-publish","hentry"],"yoast_head":"<!-- This site is optimized with the Yoast SEO plugin v27.5 - https:\/\/yoast.com\/product\/yoast-seo-wordpress\/ -->\n<title>Virtuelles Hotel - Sand Explorer GmbH<\/title>\n<meta name=\"robots\" content=\"index, follow, max-snippet:-1, max-image-preview:large, max-video-preview:-1\" \/>\n<link rel=\"canonical\" href=\"https:\/\/sandexplorer.online\/en\/virtuelles-hotel\/\" \/>\n<meta property=\"og:locale\" content=\"en_US\" \/>\n<meta property=\"og:type\" content=\"article\" \/>\n<meta property=\"og:title\" content=\"Virtuelles Hotel - Sand Explorer GmbH\" \/>\n<meta property=\"og:description\" content=\"Sand Explorer entwickelt eine virtuelle Hotelkette: Wir vereinheitlichen Auftritt, Standards, Marketing und Brand unserer Hospitality-Betriebe und treten gegen\u00fcber dem Gast unter einheitlicher Marke auf &#8211; weltweit. Von IT bis Marketing arbeitet unsere dezentrale Hotelkette wie ein lokales Hotel on the ground: Damit erh\u00f6hen wir die Qualit\u00e4t f\u00fcr den Gast und nutzen gleichzeitig s\u00e4mtliche Einsparpotentiale. Mit tiefer Integration von Technik heben wir die Automatisierung auf ein neues Level: Von Marketing und Kundenansprache \u00fcber Buchung, Payment und Abrechnung bis hin zu digitalem Check-In, Check-Out und Complaint Management automatisieren wir s\u00e4mtliche Prozesse bis ins Detail. Und zwar h\u00e4ufig unbemerkt, so dass der Gast\" \/>\n<meta property=\"og:url\" content=\"https:\/\/sandexplorer.online\/en\/virtuelles-hotel\/\" \/>\n<meta property=\"og:site_name\" content=\"Sand Explorer GmbH\" \/>\n<meta property=\"article:modified_time\" content=\"2023-06-19T11:34:35+00:00\" \/>\n<meta property=\"og:image\" content=\"https:\/\/sandexplorer.online\/wp-content\/uploads\/2023\/06\/pexels-aleksandar-pasaric-2603464.jpg\" \/>\n<meta name=\"twitter:card\" content=\"summary_large_image\" \/>\n<meta name=\"twitter:label1\" content=\"Est. reading time\" \/>\n\t<meta name=\"twitter:data1\" content=\"2 minutes\" \/>\n<script type=\"application\/ld+json\" class=\"yoast-schema-graph\">{\"@context\":\"https:\\\/\\\/schema.org\",\"@graph\":[{\"@type\":\"WebPage\",\"@id\":\"https:\\\/\\\/sandexplorer.online\\\/virtuelles-hotel\\\/\",\"url\":\"https:\\\/\\\/sandexplorer.online\\\/virtuelles-hotel\\\/\",\"name\":\"Virtuelles Hotel - Sand Explorer GmbH\",\"isPartOf\":{\"@id\":\"https:\\\/\\\/sandexplorer.online\\\/#website\"},\"primaryImageOfPage\":{\"@id\":\"https:\\\/\\\/sandexplorer.online\\\/virtuelles-hotel\\\/#primaryimage\"},\"image\":{\"@id\":\"https:\\\/\\\/sandexplorer.online\\\/virtuelles-hotel\\\/#primaryimage\"},\"thumbnailUrl\":\"https:\\\/\\\/sandexplorer.online\\\/wp-content\\\/uploads\\\/2023\\\/06\\\/pexels-aleksandar-pasaric-2603464.jpg\",\"datePublished\":\"2023-06-19T06:17:35+00:00\",\"dateModified\":\"2023-06-19T11:34:35+00:00\",\"breadcrumb\":{\"@id\":\"https:\\\/\\\/sandexplorer.online\\\/virtuelles-hotel\\\/#breadcrumb\"},\"inLanguage\":\"en-US\",\"potentialAction\":[{\"@type\":\"ReadAction\",\"target\":[\"https:\\\/\\\/sandexplorer.online\\\/virtuelles-hotel\\\/\"]}]},{\"@type\":\"ImageObject\",\"inLanguage\":\"en-US\",\"@id\":\"https:\\\/\\\/sandexplorer.online\\\/virtuelles-hotel\\\/#primaryimage\",\"url\":\"https:\\\/\\\/sandexplorer.online\\\/wp-content\\\/uploads\\\/2023\\\/06\\\/pexels-aleksandar-pasaric-2603464.jpg\",\"contentUrl\":\"https:\\\/\\\/sandexplorer.online\\\/wp-content\\\/uploads\\\/2023\\\/06\\\/pexels-aleksandar-pasaric-2603464.jpg\"},{\"@type\":\"BreadcrumbList\",\"@id\":\"https:\\\/\\\/sandexplorer.online\\\/virtuelles-hotel\\\/#breadcrumb\",\"itemListElement\":[{\"@type\":\"ListItem\",\"position\":1,\"name\":\"Home\",\"item\":\"https:\\\/\\\/sandexplorer.online\\\/\"},{\"@type\":\"ListItem\",\"position\":2,\"name\":\"Virtuelles Hotel\"}]},{\"@type\":\"WebSite\",\"@id\":\"https:\\\/\\\/sandexplorer.online\\\/#website\",\"url\":\"https:\\\/\\\/sandexplorer.online\\\/\",\"name\":\"Sand Explorer GmbH\",\"description\":\"Internationale Hospitality-Immobilien\",\"publisher\":{\"@id\":\"https:\\\/\\\/sandexplorer.online\\\/#organization\"},\"potentialAction\":[{\"@type\":\"SearchAction\",\"target\":{\"@type\":\"EntryPoint\",\"urlTemplate\":\"https:\\\/\\\/sandexplorer.online\\\/?s={search_term_string}\"},\"query-input\":{\"@type\":\"PropertyValueSpecification\",\"valueRequired\":true,\"valueName\":\"search_term_string\"}}],\"inLanguage\":\"en-US\"},{\"@type\":\"Organization\",\"@id\":\"https:\\\/\\\/sandexplorer.online\\\/#organization\",\"name\":\"Sand Explorer GmbH\",\"url\":\"https:\\\/\\\/sandexplorer.online\\\/\",\"logo\":{\"@type\":\"ImageObject\",\"inLanguage\":\"en-US\",\"@id\":\"https:\\\/\\\/sandexplorer.online\\\/#\\\/schema\\\/logo\\\/image\\\/\",\"url\":\"https:\\\/\\\/sandexplorer.online\\\/wp-content\\\/uploads\\\/2023\\\/06\\\/Sand-Explorer-Logo-weis.png\",\"contentUrl\":\"https:\\\/\\\/sandexplorer.online\\\/wp-content\\\/uploads\\\/2023\\\/06\\\/Sand-Explorer-Logo-weis.png\",\"width\":600,\"height\":242,\"caption\":\"Sand Explorer GmbH\"},\"image\":{\"@id\":\"https:\\\/\\\/sandexplorer.online\\\/#\\\/schema\\\/logo\\\/image\\\/\"}}]}<\/script>\n<!-- \/ Yoast SEO plugin. -->","yoast_head_json":{"title":"Virtuelles Hotel - Sand Explorer GmbH","robots":{"index":"index","follow":"follow","max-snippet":"max-snippet:-1","max-image-preview":"max-image-preview:large","max-video-preview":"max-video-preview:-1"},"canonical":"https:\/\/sandexplorer.online\/en\/virtuelles-hotel\/","og_locale":"en_US","og_type":"article","og_title":"Virtuelles Hotel - Sand Explorer GmbH","og_description":"Sand Explorer entwickelt eine virtuelle Hotelkette: Wir vereinheitlichen Auftritt, Standards, Marketing und Brand unserer Hospitality-Betriebe und treten gegen\u00fcber dem Gast unter einheitlicher Marke auf &#8211; weltweit. Von IT bis Marketing arbeitet unsere dezentrale Hotelkette wie ein lokales Hotel on the ground: Damit erh\u00f6hen wir die Qualit\u00e4t f\u00fcr den Gast und nutzen gleichzeitig s\u00e4mtliche Einsparpotentiale. Mit tiefer Integration von Technik heben wir die Automatisierung auf ein neues Level: Von Marketing und Kundenansprache \u00fcber Buchung, Payment und Abrechnung bis hin zu digitalem Check-In, Check-Out und Complaint Management automatisieren wir s\u00e4mtliche Prozesse bis ins Detail. Und zwar h\u00e4ufig unbemerkt, so dass der Gast","og_url":"https:\/\/sandexplorer.online\/en\/virtuelles-hotel\/","og_site_name":"Sand Explorer GmbH","article_modified_time":"2023-06-19T11:34:35+00:00","og_image":[{"url":"https:\/\/sandexplorer.online\/wp-content\/uploads\/2023\/06\/pexels-aleksandar-pasaric-2603464.jpg","type":"","width":"","height":""}],"twitter_card":"summary_large_image","twitter_misc":{"Est. reading time":"2 minutes"},"schema":{"@context":"https:\/\/schema.org","@graph":[{"@type":"WebPage","@id":"https:\/\/sandexplorer.online\/virtuelles-hotel\/","url":"https:\/\/sandexplorer.online\/virtuelles-hotel\/","name":"Virtuelles Hotel - Sand Explorer GmbH","isPartOf":{"@id":"https:\/\/sandexplorer.online\/#website"},"primaryImageOfPage":{"@id":"https:\/\/sandexplorer.online\/virtuelles-hotel\/#primaryimage"},"image":{"@id":"https:\/\/sandexplorer.online\/virtuelles-hotel\/#primaryimage"},"thumbnailUrl":"https:\/\/sandexplorer.online\/wp-content\/uploads\/2023\/06\/pexels-aleksandar-pasaric-2603464.jpg","datePublished":"2023-06-19T06:17:35+00:00","dateModified":"2023-06-19T11:34:35+00:00","breadcrumb":{"@id":"https:\/\/sandexplorer.online\/virtuelles-hotel\/#breadcrumb"},"inLanguage":"en-US","potentialAction":[{"@type":"ReadAction","target":["https:\/\/sandexplorer.online\/virtuelles-hotel\/"]}]},{"@type":"ImageObject","inLanguage":"en-US","@id":"https:\/\/sandexplorer.online\/virtuelles-hotel\/#primaryimage","url":"https:\/\/sandexplorer.online\/wp-content\/uploads\/2023\/06\/pexels-aleksandar-pasaric-2603464.jpg","contentUrl":"https:\/\/sandexplorer.online\/wp-content\/uploads\/2023\/06\/pexels-aleksandar-pasaric-2603464.jpg"},{"@type":"BreadcrumbList","@id":"https:\/\/sandexplorer.online\/virtuelles-hotel\/#breadcrumb","itemListElement":[{"@type":"ListItem","position":1,"name":"Home","item":"https:\/\/sandexplorer.online\/"},{"@type":"ListItem","position":2,"name":"Virtuelles Hotel"}]},{"@type":"WebSite","@id":"https:\/\/sandexplorer.online\/#website","url":"https:\/\/sandexplorer.online\/","name":"Sand Explorer GmbH","description":"Hospitality Real Estate - worldwide","publisher":{"@id":"https:\/\/sandexplorer.online\/#organization"},"potentialAction":[{"@type":"SearchAction","target":{"@type":"EntryPoint","urlTemplate":"https:\/\/sandexplorer.online\/?s={search_term_string}"},"query-input":{"@type":"PropertyValueSpecification","valueRequired":true,"valueName":"search_term_string"}}],"inLanguage":"en-US"},{"@type":"Organization","@id":"https:\/\/sandexplorer.online\/#organization","name":"Sand Explorer GmbH","url":"https:\/\/sandexplorer.online\/","logo":{"@type":"ImageObject","inLanguage":"en-US","@id":"https:\/\/sandexplorer.online\/#\/schema\/logo\/image\/","url":"https:\/\/sandexplorer.online\/wp-content\/uploads\/2023\/06\/Sand-Explorer-Logo-weis.png","contentUrl":"https:\/\/sandexplorer.online\/wp-content\/uploads\/2023\/06\/Sand-Explorer-Logo-weis.png","width":600,"height":242,"caption":"Sand Explorer GmbH"},"image":{"@id":"https:\/\/sandexplorer.online\/#\/schema\/logo\/image\/"}}]}},"_links":{"self":[{"href":"https:\/\/sandexplorer.online\/en\/wp-json\/wp\/v2\/pages\/17","targetHints":{"allow":["GET"]}}],"collection":[{"href":"https:\/\/sandexplorer.online\/en\/wp-json\/wp\/v2\/pages"}],"about":[{"href":"https:\/\/sandexplorer.online\/en\/wp-json\/wp\/v2\/types\/page"}],"author":[{"embeddable":true,"href":"https:\/\/sandexplorer.online\/en\/wp-json\/wp\/v2\/users\/1"}],"replies":[{"embeddable":true,"href":"https:\/\/sandexplorer.online\/en\/wp-json\/wp\/v2\/comments?post=17"}],"version-history":[{"count":3,"href":"https:\/\/sandexplorer.online\/en\/wp-json\/wp\/v2\/pages\/17\/revisions"}],"predecessor-version":[{"id":115,"href":"https:\/\/sandexplorer.online\/en\/wp-json\/wp\/v2\/pages\/17\/revisions\/115"}],"wp:attachment":[{"href":"https:\/\/sandexplorer.online\/en\/wp-json\/wp\/v2\/media?parent=17"}],"curies":[{"name":"wp","href":"https:\/\/api.w.org\/{rel}","templated":true}]}}