{"id":19,"date":"2023-06-19T06:18:18","date_gmt":"2023-06-19T06:18:18","guid":{"rendered":"https:\/\/sandexplorer.online\/?page_id=19"},"modified":"2023-06-19T15:42:00","modified_gmt":"2023-06-19T15:42:00","slug":"dienstleistungen","status":"publish","type":"page","link":"https:\/\/sandexplorer.online\/en\/dienstleistungen\/","title":{"rendered":"Services"},"content":{"rendered":"<p class=\"has-sixth-color has-text-color has-secondary-font-family has-small-font-size\">Sand Explorer operates and finances hospitality real estate, also in young and volatile markets. We support operators and investors in the hospitality industry.<\/p>\n\n\n\n<figure class=\"wp-block-image size-full is-resized has-custom-border\"><img loading=\"lazy\" decoding=\"async\" src=\"https:\/\/sandexplorer.online\/wp-content\/uploads\/2023\/06\/pexels-pixabay-416405.jpg\" alt=\"\" class=\"wp-image-117\" style=\"border-radius:54px\" width=\"589\" height=\"368\"\/><\/figure>\n\n\n\n<p class=\"has-sixth-color has-text-color has-secondary-font-family has-small-font-size\"><em>Consultation &amp; expertise<\/em><\/p>\n\n\n\n<p class=\"has-sixth-color has-text-color has-secondary-font-family has-small-font-size\">We advise on strategic business decisions in the hospitality sector. We help to make informed decisions and contribute our experience. We offer customized solutions, tailored to the individual requirements of our clients.<\/p>\n\n\n\n<p class=\"has-sixth-color has-text-color has-secondary-font-family has-small-font-size\"><em>Transaction advisory &amp; structuring<\/em><\/p>\n\n\n\n<p class=\"has-sixth-color has-text-color has-secondary-font-family has-small-font-size\">We structure international transactions in the hospitality real estate sector. In doing so, we draw on our many years of experience as operators of hospitality operations.<\/p>\n\n\n\n<p class=\"has-sixth-color has-text-color has-secondary-font-family has-small-font-size\"><em>Research &amp; analysis<\/em><\/p>\n\n\n\n<p class=\"has-sixth-color has-text-color has-secondary-font-family has-small-font-size\">We provide hospitality operators with tailored market analysis and research to support decision making. We also use data sources and empirical values from our own hospitality operations.<\/p>\n\n\n\n<p class=\"has-sixth-color has-text-color has-secondary-font-family has-small-font-size\"><em>Valuation &amp; ideas<\/em><\/p>\n\n\n\n<p class=\"has-sixth-color has-text-color has-secondary-font-family has-small-font-size\">We evaluate hospitality operations and provide approaches for value enhancement and expansion. We are growth specialists and plan for exponential, strategic growth.<\/p>\n\n\n\n<p class=\"has-sixth-color has-text-color has-secondary-font-family has-small-font-size\"><em>Technology &amp; execution<\/em><\/p>\n\n\n\n<p class=\"has-sixth-color has-text-color has-secondary-font-family has-small-font-size\">We advise on technical systems such as POS, payment, network and channel management. Sand Explorer has specially developed, customized software systems.<\/p>\n\n\n\n<p class=\"has-sixth-color has-text-color has-secondary-font-family has-small-font-size\"><em>Strategy &amp; potential<\/em><\/p>\n\n\n\n<p class=\"has-sixth-color has-text-color has-secondary-font-family has-small-font-size\">We develop a long-term direction for hospitality businesses: Products, pricing, positioning, vision. We uncover hidden additional potential and develop additional revenue streams.<\/p>\n\n\n\n<p class=\"has-sixth-color has-text-color has-secondary-font-family has-small-font-size\"><em>Special situations<\/em> <\/p>\n\n\n\n<p class=\"has-sixth-color has-text-color has-secondary-font-family has-small-font-size\">We develop plans for special situations - positive or negative: The Covid pandemic was an unforeseen situation that required all hospitality operations worldwide to develop existential solutions. This is exactly what Sand Explorer does.<\/p>","protected":false},"excerpt":{"rendered":"<p>Sand Explorer betreibt und finanziert Hospitality-Immobilien, auch in jungen und volatilen M\u00e4rkten. Au\u00dferdem unterst\u00fctzen wir Betreiber und Investoren der Hospitality-Branche. Beratung &amp; Expertise Wir beraten bei strategischen Gesch\u00e4ftsentscheidungen im Bereich Hospitality. Wir helfen, fundierte Entscheidungen zu treffen und bringen unsere Erfahrung ein. Wir bieten ma\u00dfgeschneiderte, auf die individuellen Anforderungen unserer Kunden zugeschnittene L\u00f6sungen. Transaktionsberatung &amp; Strukturierung Wir strukturieren internationale Transaktionen im Bereich der Hospitality-Immobilien. Dabei nutzen wir unsere langj\u00e4hrige Erfahrung als Betreiber von Hospitality-Betrieben. Research &amp; Analyse Wir liefern f\u00fcr Hospitality-Betreiber ma\u00dfgeschneiderte Marktanalysen und Research zur Unterst\u00fctzung der Entscheidungsfindung. Dabei nutzen wir auch Datenquellen und Erfahrungswerte unserer eigenen Hospitality-Betriebe. Bewertung<\/p>","protected":false},"author":1,"featured_media":0,"parent":0,"menu_order":0,"comment_status":"closed","ping_status":"closed","template":"","meta":{"nf_dc_page":"","om_disable_all_campaigns":false,"_monsterinsights_skip_tracking":false,"_monsterinsights_sitenote_active":false,"_monsterinsights_sitenote_note":"","_monsterinsights_sitenote_category":0,"footnotes":""},"class_list":["post-19","page","type-page","status-publish","hentry"],"yoast_head":"<!-- This site is optimized with the Yoast SEO plugin v27.5 - https:\/\/yoast.com\/product\/yoast-seo-wordpress\/ -->\n<title>Dienstleistungen - Sand Explorer GmbH<\/title>\n<meta name=\"robots\" content=\"index, follow, max-snippet:-1, max-image-preview:large, max-video-preview:-1\" \/>\n<link rel=\"canonical\" href=\"https:\/\/sandexplorer.online\/en\/dienstleistungen\/\" \/>\n<meta property=\"og:locale\" content=\"en_US\" \/>\n<meta property=\"og:type\" content=\"article\" \/>\n<meta property=\"og:title\" content=\"Dienstleistungen - Sand Explorer GmbH\" \/>\n<meta property=\"og:description\" content=\"Sand Explorer betreibt und finanziert Hospitality-Immobilien, auch in jungen und volatilen M\u00e4rkten. Au\u00dferdem unterst\u00fctzen wir Betreiber und Investoren der Hospitality-Branche. Beratung &amp; Expertise Wir beraten bei strategischen Gesch\u00e4ftsentscheidungen im Bereich Hospitality. Wir helfen, fundierte Entscheidungen zu treffen und bringen unsere Erfahrung ein. Wir bieten ma\u00dfgeschneiderte, auf die individuellen Anforderungen unserer Kunden zugeschnittene L\u00f6sungen. Transaktionsberatung &amp; Strukturierung Wir strukturieren internationale Transaktionen im Bereich der Hospitality-Immobilien. Dabei nutzen wir unsere langj\u00e4hrige Erfahrung als Betreiber von Hospitality-Betrieben. Research &amp; Analyse Wir liefern f\u00fcr Hospitality-Betreiber ma\u00dfgeschneiderte Marktanalysen und Research zur Unterst\u00fctzung der Entscheidungsfindung. Dabei nutzen wir auch Datenquellen und Erfahrungswerte unserer eigenen Hospitality-Betriebe. Bewertung\" \/>\n<meta property=\"og:url\" content=\"https:\/\/sandexplorer.online\/en\/dienstleistungen\/\" \/>\n<meta property=\"og:site_name\" content=\"Sand Explorer GmbH\" \/>\n<meta property=\"article:modified_time\" content=\"2023-06-19T15:42:00+00:00\" \/>\n<meta property=\"og:image\" content=\"https:\/\/sandexplorer.online\/wp-content\/uploads\/2023\/06\/pexels-pixabay-416405.jpg\" \/>\n<meta name=\"twitter:card\" content=\"summary_large_image\" \/>\n<meta name=\"twitter:label1\" content=\"Est. reading time\" \/>\n\t<meta name=\"twitter:data1\" content=\"2 minutes\" \/>\n<script type=\"application\/ld+json\" class=\"yoast-schema-graph\">{\"@context\":\"https:\\\/\\\/schema.org\",\"@graph\":[{\"@type\":\"WebPage\",\"@id\":\"https:\\\/\\\/sandexplorer.online\\\/dienstleistungen\\\/\",\"url\":\"https:\\\/\\\/sandexplorer.online\\\/dienstleistungen\\\/\",\"name\":\"Dienstleistungen - Sand Explorer GmbH\",\"isPartOf\":{\"@id\":\"https:\\\/\\\/sandexplorer.online\\\/#website\"},\"primaryImageOfPage\":{\"@id\":\"https:\\\/\\\/sandexplorer.online\\\/dienstleistungen\\\/#primaryimage\"},\"image\":{\"@id\":\"https:\\\/\\\/sandexplorer.online\\\/dienstleistungen\\\/#primaryimage\"},\"thumbnailUrl\":\"https:\\\/\\\/sandexplorer.online\\\/wp-content\\\/uploads\\\/2023\\\/06\\\/pexels-pixabay-416405.jpg\",\"datePublished\":\"2023-06-19T06:18:18+00:00\",\"dateModified\":\"2023-06-19T15:42:00+00:00\",\"breadcrumb\":{\"@id\":\"https:\\\/\\\/sandexplorer.online\\\/dienstleistungen\\\/#breadcrumb\"},\"inLanguage\":\"en-US\",\"potentialAction\":[{\"@type\":\"ReadAction\",\"target\":[\"https:\\\/\\\/sandexplorer.online\\\/dienstleistungen\\\/\"]}]},{\"@type\":\"ImageObject\",\"inLanguage\":\"en-US\",\"@id\":\"https:\\\/\\\/sandexplorer.online\\\/dienstleistungen\\\/#primaryimage\",\"url\":\"https:\\\/\\\/sandexplorer.online\\\/wp-content\\\/uploads\\\/2023\\\/06\\\/pexels-pixabay-416405.jpg\",\"contentUrl\":\"https:\\\/\\\/sandexplorer.online\\\/wp-content\\\/uploads\\\/2023\\\/06\\\/pexels-pixabay-416405.jpg\"},{\"@type\":\"BreadcrumbList\",\"@id\":\"https:\\\/\\\/sandexplorer.online\\\/dienstleistungen\\\/#breadcrumb\",\"itemListElement\":[{\"@type\":\"ListItem\",\"position\":1,\"name\":\"Home\",\"item\":\"https:\\\/\\\/sandexplorer.online\\\/\"},{\"@type\":\"ListItem\",\"position\":2,\"name\":\"Dienstleistungen\"}]},{\"@type\":\"WebSite\",\"@id\":\"https:\\\/\\\/sandexplorer.online\\\/#website\",\"url\":\"https:\\\/\\\/sandexplorer.online\\\/\",\"name\":\"Sand Explorer GmbH\",\"description\":\"Internationale Hospitality-Immobilien\",\"publisher\":{\"@id\":\"https:\\\/\\\/sandexplorer.online\\\/#organization\"},\"potentialAction\":[{\"@type\":\"SearchAction\",\"target\":{\"@type\":\"EntryPoint\",\"urlTemplate\":\"https:\\\/\\\/sandexplorer.online\\\/?s={search_term_string}\"},\"query-input\":{\"@type\":\"PropertyValueSpecification\",\"valueRequired\":true,\"valueName\":\"search_term_string\"}}],\"inLanguage\":\"en-US\"},{\"@type\":\"Organization\",\"@id\":\"https:\\\/\\\/sandexplorer.online\\\/#organization\",\"name\":\"Sand Explorer GmbH\",\"url\":\"https:\\\/\\\/sandexplorer.online\\\/\",\"logo\":{\"@type\":\"ImageObject\",\"inLanguage\":\"en-US\",\"@id\":\"https:\\\/\\\/sandexplorer.online\\\/#\\\/schema\\\/logo\\\/image\\\/\",\"url\":\"https:\\\/\\\/sandexplorer.online\\\/wp-content\\\/uploads\\\/2023\\\/06\\\/Sand-Explorer-Logo-weis.png\",\"contentUrl\":\"https:\\\/\\\/sandexplorer.online\\\/wp-content\\\/uploads\\\/2023\\\/06\\\/Sand-Explorer-Logo-weis.png\",\"width\":600,\"height\":242,\"caption\":\"Sand Explorer GmbH\"},\"image\":{\"@id\":\"https:\\\/\\\/sandexplorer.online\\\/#\\\/schema\\\/logo\\\/image\\\/\"}}]}<\/script>\n<!-- \/ Yoast SEO plugin. -->","yoast_head_json":{"title":"Dienstleistungen - Sand Explorer GmbH","robots":{"index":"index","follow":"follow","max-snippet":"max-snippet:-1","max-image-preview":"max-image-preview:large","max-video-preview":"max-video-preview:-1"},"canonical":"https:\/\/sandexplorer.online\/en\/dienstleistungen\/","og_locale":"en_US","og_type":"article","og_title":"Dienstleistungen - Sand Explorer GmbH","og_description":"Sand Explorer betreibt und finanziert Hospitality-Immobilien, auch in jungen und volatilen M\u00e4rkten. Au\u00dferdem unterst\u00fctzen wir Betreiber und Investoren der Hospitality-Branche. Beratung &amp; Expertise Wir beraten bei strategischen Gesch\u00e4ftsentscheidungen im Bereich Hospitality. Wir helfen, fundierte Entscheidungen zu treffen und bringen unsere Erfahrung ein. Wir bieten ma\u00dfgeschneiderte, auf die individuellen Anforderungen unserer Kunden zugeschnittene L\u00f6sungen. Transaktionsberatung &amp; Strukturierung Wir strukturieren internationale Transaktionen im Bereich der Hospitality-Immobilien. Dabei nutzen wir unsere langj\u00e4hrige Erfahrung als Betreiber von Hospitality-Betrieben. Research &amp; Analyse Wir liefern f\u00fcr Hospitality-Betreiber ma\u00dfgeschneiderte Marktanalysen und Research zur Unterst\u00fctzung der Entscheidungsfindung. Dabei nutzen wir auch Datenquellen und Erfahrungswerte unserer eigenen Hospitality-Betriebe. Bewertung","og_url":"https:\/\/sandexplorer.online\/en\/dienstleistungen\/","og_site_name":"Sand Explorer GmbH","article_modified_time":"2023-06-19T15:42:00+00:00","og_image":[{"url":"https:\/\/sandexplorer.online\/wp-content\/uploads\/2023\/06\/pexels-pixabay-416405.jpg","type":"","width":"","height":""}],"twitter_card":"summary_large_image","twitter_misc":{"Est. reading time":"2 minutes"},"schema":{"@context":"https:\/\/schema.org","@graph":[{"@type":"WebPage","@id":"https:\/\/sandexplorer.online\/dienstleistungen\/","url":"https:\/\/sandexplorer.online\/dienstleistungen\/","name":"Dienstleistungen - Sand Explorer GmbH","isPartOf":{"@id":"https:\/\/sandexplorer.online\/#website"},"primaryImageOfPage":{"@id":"https:\/\/sandexplorer.online\/dienstleistungen\/#primaryimage"},"image":{"@id":"https:\/\/sandexplorer.online\/dienstleistungen\/#primaryimage"},"thumbnailUrl":"https:\/\/sandexplorer.online\/wp-content\/uploads\/2023\/06\/pexels-pixabay-416405.jpg","datePublished":"2023-06-19T06:18:18+00:00","dateModified":"2023-06-19T15:42:00+00:00","breadcrumb":{"@id":"https:\/\/sandexplorer.online\/dienstleistungen\/#breadcrumb"},"inLanguage":"en-US","potentialAction":[{"@type":"ReadAction","target":["https:\/\/sandexplorer.online\/dienstleistungen\/"]}]},{"@type":"ImageObject","inLanguage":"en-US","@id":"https:\/\/sandexplorer.online\/dienstleistungen\/#primaryimage","url":"https:\/\/sandexplorer.online\/wp-content\/uploads\/2023\/06\/pexels-pixabay-416405.jpg","contentUrl":"https:\/\/sandexplorer.online\/wp-content\/uploads\/2023\/06\/pexels-pixabay-416405.jpg"},{"@type":"BreadcrumbList","@id":"https:\/\/sandexplorer.online\/dienstleistungen\/#breadcrumb","itemListElement":[{"@type":"ListItem","position":1,"name":"Home","item":"https:\/\/sandexplorer.online\/"},{"@type":"ListItem","position":2,"name":"Dienstleistungen"}]},{"@type":"WebSite","@id":"https:\/\/sandexplorer.online\/#website","url":"https:\/\/sandexplorer.online\/","name":"Sand Explorer GmbH","description":"Hospitality Real Estate - worldwide","publisher":{"@id":"https:\/\/sandexplorer.online\/#organization"},"potentialAction":[{"@type":"SearchAction","target":{"@type":"EntryPoint","urlTemplate":"https:\/\/sandexplorer.online\/?s={search_term_string}"},"query-input":{"@type":"PropertyValueSpecification","valueRequired":true,"valueName":"search_term_string"}}],"inLanguage":"en-US"},{"@type":"Organization","@id":"https:\/\/sandexplorer.online\/#organization","name":"Sand Explorer GmbH","url":"https:\/\/sandexplorer.online\/","logo":{"@type":"ImageObject","inLanguage":"en-US","@id":"https:\/\/sandexplorer.online\/#\/schema\/logo\/image\/","url":"https:\/\/sandexplorer.online\/wp-content\/uploads\/2023\/06\/Sand-Explorer-Logo-weis.png","contentUrl":"https:\/\/sandexplorer.online\/wp-content\/uploads\/2023\/06\/Sand-Explorer-Logo-weis.png","width":600,"height":242,"caption":"Sand Explorer GmbH"},"image":{"@id":"https:\/\/sandexplorer.online\/#\/schema\/logo\/image\/"}}]}},"_links":{"self":[{"href":"https:\/\/sandexplorer.online\/en\/wp-json\/wp\/v2\/pages\/19","targetHints":{"allow":["GET"]}}],"collection":[{"href":"https:\/\/sandexplorer.online\/en\/wp-json\/wp\/v2\/pages"}],"about":[{"href":"https:\/\/sandexplorer.online\/en\/wp-json\/wp\/v2\/types\/page"}],"author":[{"embeddable":true,"href":"https:\/\/sandexplorer.online\/en\/wp-json\/wp\/v2\/users\/1"}],"replies":[{"embeddable":true,"href":"https:\/\/sandexplorer.online\/en\/wp-json\/wp\/v2\/comments?post=19"}],"version-history":[{"count":4,"href":"https:\/\/sandexplorer.online\/en\/wp-json\/wp\/v2\/pages\/19\/revisions"}],"predecessor-version":[{"id":118,"href":"https:\/\/sandexplorer.online\/en\/wp-json\/wp\/v2\/pages\/19\/revisions\/118"}],"wp:attachment":[{"href":"https:\/\/sandexplorer.online\/en\/wp-json\/wp\/v2\/media?parent=19"}],"curies":[{"name":"wp","href":"https:\/\/api.w.org\/{rel}","templated":true}]}}