{"id":21,"date":"2023-06-19T06:19:01","date_gmt":"2023-06-19T06:19:01","guid":{"rendered":"https:\/\/sandexplorer.online\/?page_id=21"},"modified":"2023-06-19T11:09:39","modified_gmt":"2023-06-19T11:09:39","slug":"finanzierung","status":"publish","type":"page","link":"https:\/\/sandexplorer.online\/en\/finanzierung\/","title":{"rendered":"Financing"},"content":{"rendered":"<p class=\"has-sixth-color has-text-color has-secondary-font-family has-small-font-size\">Sand Explorer operates and finances hospitality properties and operations. Even in young and volatile markets and even in a difficult financing environment. We do not extend loans, but are committed to our operators for the long term and grow together.<\/p>\n\n\n\n<p class=\"has-sixth-color has-text-color has-secondary-font-family has-small-font-size\">This alternative form of financing is a supplement to bank loans or equity capital and enables expansion even in places where tourism has not yet fully recovered after the Covid pandemic.<\/p>\n\n\n\n<p class=\"has-sixth-color has-text-color has-secondary-font-family has-small-font-size\">Our operator model is also suitable as a growth accelerator in fast-growing markets.<\/p>\n\n\n\n<p class=\"has-sixth-color has-text-color has-secondary-font-family has-small-font-size\">We are expanding and are constantly looking for hospitality operators with the following characteristics:<\/p>\n\n\n\n<ul class=\"wp-block-list\">\n<li class=\"has-secondary-font-family has-small-font-size\">City with at least 500,000 inhabitants<\/li>\n\n\n\n<li class=\"has-secondary-font-family has-small-font-size\">Prime location<\/li>\n\n\n\n<li class=\"has-secondary-font-family has-small-font-size\">Annual tourism growth from 3% (excl. Covid years)<\/li>\n\n\n\n<li class=\"has-secondary-font-family has-small-font-size\">Dominant language: English<\/li>\n\n\n\n<li class=\"has-secondary-font-family has-small-font-size\">Minimum rating on booking platforms and Google: 4.2 \/ 5 (or equivalent)<\/li>\n\n\n\n<li class=\"has-secondary-font-family has-small-font-size\">Minimum age: 2 years<\/li>\n<\/ul>\n\n\n\n<p class=\"has-sixth-color has-text-color has-secondary-font-family has-small-font-size\">We do not get involved in reorganization, insolvency cases or in timeshare models. Feel free to contact us and we will get back to you promptly to discuss your hospitality operation.<\/p>","protected":false},"excerpt":{"rendered":"<p>Sand Explorer betreibt und finanziert Hospitality-Immobilien und -Betriebe nach einem Betreibermodell &#8211; auch in jungen und volatilen M\u00e4rkten und auch im schwierigen Finanzierungsumfeld. Wir vergeben keine Kredite, sondern sind langfristig an unsere Betreiber gebunden und wachsen gemeinsam. Diese alternative Finanzierungsform ist ein Zusatz zu Bankkredit oder Eigenkapital und erm\u00f6glicht Expansion auch dort, wo der Tourismus nach der Covid-Pandemie noch nicht wieder vollst\u00e4ndig erstarkt ist. Unser Betreibermodell eignet sich auch als Wachstumsbeschleuniger in stark wachsenden M\u00e4rkten. Wir expandieren und suchen jederzeit nach Hospitality-Betreibern mit den folgenden Merkmalen: Wir engagieren uns nicht in Sanierungs- oder Insolvenzf\u00e4llen oder bei Timesharing-Modellen. Kontaktieren Sie uns<\/p>","protected":false},"author":1,"featured_media":0,"parent":0,"menu_order":0,"comment_status":"closed","ping_status":"closed","template":"","meta":{"nf_dc_page":"","om_disable_all_campaigns":false,"_monsterinsights_skip_tracking":false,"_monsterinsights_sitenote_active":false,"_monsterinsights_sitenote_note":"","_monsterinsights_sitenote_category":0,"footnotes":""},"class_list":["post-21","page","type-page","status-publish","hentry"],"yoast_head":"<!-- This site is optimized with the Yoast SEO plugin v27.5 - https:\/\/yoast.com\/product\/yoast-seo-wordpress\/ -->\n<title>Finanzierung - Sand Explorer GmbH<\/title>\n<meta name=\"robots\" content=\"index, follow, max-snippet:-1, max-image-preview:large, max-video-preview:-1\" \/>\n<link rel=\"canonical\" href=\"https:\/\/sandexplorer.online\/en\/finanzierung\/\" \/>\n<meta property=\"og:locale\" content=\"en_US\" \/>\n<meta property=\"og:type\" content=\"article\" \/>\n<meta property=\"og:title\" content=\"Finanzierung - Sand Explorer GmbH\" \/>\n<meta property=\"og:description\" content=\"Sand Explorer betreibt und finanziert Hospitality-Immobilien und -Betriebe nach einem Betreibermodell &#8211; auch in jungen und volatilen M\u00e4rkten und auch im schwierigen Finanzierungsumfeld. Wir vergeben keine Kredite, sondern sind langfristig an unsere Betreiber gebunden und wachsen gemeinsam. Diese alternative Finanzierungsform ist ein Zusatz zu Bankkredit oder Eigenkapital und erm\u00f6glicht Expansion auch dort, wo der Tourismus nach der Covid-Pandemie noch nicht wieder vollst\u00e4ndig erstarkt ist. Unser Betreibermodell eignet sich auch als Wachstumsbeschleuniger in stark wachsenden M\u00e4rkten. Wir expandieren und suchen jederzeit nach Hospitality-Betreibern mit den folgenden Merkmalen: Wir engagieren uns nicht in Sanierungs- oder Insolvenzf\u00e4llen oder bei Timesharing-Modellen. Kontaktieren Sie uns\" \/>\n<meta property=\"og:url\" content=\"https:\/\/sandexplorer.online\/en\/finanzierung\/\" \/>\n<meta property=\"og:site_name\" content=\"Sand Explorer GmbH\" \/>\n<meta property=\"article:modified_time\" content=\"2023-06-19T11:09:39+00:00\" \/>\n<meta name=\"twitter:card\" content=\"summary_large_image\" \/>\n<meta name=\"twitter:label1\" content=\"Est. reading time\" \/>\n\t<meta name=\"twitter:data1\" content=\"1 minute\" \/>\n<script type=\"application\/ld+json\" class=\"yoast-schema-graph\">{\"@context\":\"https:\\\/\\\/schema.org\",\"@graph\":[{\"@type\":\"WebPage\",\"@id\":\"https:\\\/\\\/sandexplorer.online\\\/finanzierung\\\/\",\"url\":\"https:\\\/\\\/sandexplorer.online\\\/finanzierung\\\/\",\"name\":\"Finanzierung - Sand Explorer GmbH\",\"isPartOf\":{\"@id\":\"https:\\\/\\\/sandexplorer.online\\\/#website\"},\"datePublished\":\"2023-06-19T06:19:01+00:00\",\"dateModified\":\"2023-06-19T11:09:39+00:00\",\"breadcrumb\":{\"@id\":\"https:\\\/\\\/sandexplorer.online\\\/finanzierung\\\/#breadcrumb\"},\"inLanguage\":\"en-US\",\"potentialAction\":[{\"@type\":\"ReadAction\",\"target\":[\"https:\\\/\\\/sandexplorer.online\\\/finanzierung\\\/\"]}]},{\"@type\":\"BreadcrumbList\",\"@id\":\"https:\\\/\\\/sandexplorer.online\\\/finanzierung\\\/#breadcrumb\",\"itemListElement\":[{\"@type\":\"ListItem\",\"position\":1,\"name\":\"Home\",\"item\":\"https:\\\/\\\/sandexplorer.online\\\/\"},{\"@type\":\"ListItem\",\"position\":2,\"name\":\"Finanzierung\"}]},{\"@type\":\"WebSite\",\"@id\":\"https:\\\/\\\/sandexplorer.online\\\/#website\",\"url\":\"https:\\\/\\\/sandexplorer.online\\\/\",\"name\":\"Sand Explorer GmbH\",\"description\":\"Internationale Hospitality-Immobilien\",\"publisher\":{\"@id\":\"https:\\\/\\\/sandexplorer.online\\\/#organization\"},\"potentialAction\":[{\"@type\":\"SearchAction\",\"target\":{\"@type\":\"EntryPoint\",\"urlTemplate\":\"https:\\\/\\\/sandexplorer.online\\\/?s={search_term_string}\"},\"query-input\":{\"@type\":\"PropertyValueSpecification\",\"valueRequired\":true,\"valueName\":\"search_term_string\"}}],\"inLanguage\":\"en-US\"},{\"@type\":\"Organization\",\"@id\":\"https:\\\/\\\/sandexplorer.online\\\/#organization\",\"name\":\"Sand Explorer GmbH\",\"url\":\"https:\\\/\\\/sandexplorer.online\\\/\",\"logo\":{\"@type\":\"ImageObject\",\"inLanguage\":\"en-US\",\"@id\":\"https:\\\/\\\/sandexplorer.online\\\/#\\\/schema\\\/logo\\\/image\\\/\",\"url\":\"https:\\\/\\\/sandexplorer.online\\\/wp-content\\\/uploads\\\/2023\\\/06\\\/Sand-Explorer-Logo-weis.png\",\"contentUrl\":\"https:\\\/\\\/sandexplorer.online\\\/wp-content\\\/uploads\\\/2023\\\/06\\\/Sand-Explorer-Logo-weis.png\",\"width\":600,\"height\":242,\"caption\":\"Sand Explorer GmbH\"},\"image\":{\"@id\":\"https:\\\/\\\/sandexplorer.online\\\/#\\\/schema\\\/logo\\\/image\\\/\"}}]}<\/script>\n<!-- \/ Yoast SEO plugin. -->","yoast_head_json":{"title":"Finanzierung - Sand Explorer GmbH","robots":{"index":"index","follow":"follow","max-snippet":"max-snippet:-1","max-image-preview":"max-image-preview:large","max-video-preview":"max-video-preview:-1"},"canonical":"https:\/\/sandexplorer.online\/en\/finanzierung\/","og_locale":"en_US","og_type":"article","og_title":"Finanzierung - Sand Explorer GmbH","og_description":"Sand Explorer betreibt und finanziert Hospitality-Immobilien und -Betriebe nach einem Betreibermodell &#8211; auch in jungen und volatilen M\u00e4rkten und auch im schwierigen Finanzierungsumfeld. Wir vergeben keine Kredite, sondern sind langfristig an unsere Betreiber gebunden und wachsen gemeinsam. Diese alternative Finanzierungsform ist ein Zusatz zu Bankkredit oder Eigenkapital und erm\u00f6glicht Expansion auch dort, wo der Tourismus nach der Covid-Pandemie noch nicht wieder vollst\u00e4ndig erstarkt ist. Unser Betreibermodell eignet sich auch als Wachstumsbeschleuniger in stark wachsenden M\u00e4rkten. Wir expandieren und suchen jederzeit nach Hospitality-Betreibern mit den folgenden Merkmalen: Wir engagieren uns nicht in Sanierungs- oder Insolvenzf\u00e4llen oder bei Timesharing-Modellen. Kontaktieren Sie uns","og_url":"https:\/\/sandexplorer.online\/en\/finanzierung\/","og_site_name":"Sand Explorer GmbH","article_modified_time":"2023-06-19T11:09:39+00:00","twitter_card":"summary_large_image","twitter_misc":{"Est. reading time":"1 minute"},"schema":{"@context":"https:\/\/schema.org","@graph":[{"@type":"WebPage","@id":"https:\/\/sandexplorer.online\/finanzierung\/","url":"https:\/\/sandexplorer.online\/finanzierung\/","name":"Finanzierung - Sand Explorer GmbH","isPartOf":{"@id":"https:\/\/sandexplorer.online\/#website"},"datePublished":"2023-06-19T06:19:01+00:00","dateModified":"2023-06-19T11:09:39+00:00","breadcrumb":{"@id":"https:\/\/sandexplorer.online\/finanzierung\/#breadcrumb"},"inLanguage":"en-US","potentialAction":[{"@type":"ReadAction","target":["https:\/\/sandexplorer.online\/finanzierung\/"]}]},{"@type":"BreadcrumbList","@id":"https:\/\/sandexplorer.online\/finanzierung\/#breadcrumb","itemListElement":[{"@type":"ListItem","position":1,"name":"Home","item":"https:\/\/sandexplorer.online\/"},{"@type":"ListItem","position":2,"name":"Finanzierung"}]},{"@type":"WebSite","@id":"https:\/\/sandexplorer.online\/#website","url":"https:\/\/sandexplorer.online\/","name":"Sand Explorer GmbH","description":"Hospitality Real Estate - worldwide","publisher":{"@id":"https:\/\/sandexplorer.online\/#organization"},"potentialAction":[{"@type":"SearchAction","target":{"@type":"EntryPoint","urlTemplate":"https:\/\/sandexplorer.online\/?s={search_term_string}"},"query-input":{"@type":"PropertyValueSpecification","valueRequired":true,"valueName":"search_term_string"}}],"inLanguage":"en-US"},{"@type":"Organization","@id":"https:\/\/sandexplorer.online\/#organization","name":"Sand Explorer GmbH","url":"https:\/\/sandexplorer.online\/","logo":{"@type":"ImageObject","inLanguage":"en-US","@id":"https:\/\/sandexplorer.online\/#\/schema\/logo\/image\/","url":"https:\/\/sandexplorer.online\/wp-content\/uploads\/2023\/06\/Sand-Explorer-Logo-weis.png","contentUrl":"https:\/\/sandexplorer.online\/wp-content\/uploads\/2023\/06\/Sand-Explorer-Logo-weis.png","width":600,"height":242,"caption":"Sand Explorer GmbH"},"image":{"@id":"https:\/\/sandexplorer.online\/#\/schema\/logo\/image\/"}}]}},"_links":{"self":[{"href":"https:\/\/sandexplorer.online\/en\/wp-json\/wp\/v2\/pages\/21","targetHints":{"allow":["GET"]}}],"collection":[{"href":"https:\/\/sandexplorer.online\/en\/wp-json\/wp\/v2\/pages"}],"about":[{"href":"https:\/\/sandexplorer.online\/en\/wp-json\/wp\/v2\/types\/page"}],"author":[{"embeddable":true,"href":"https:\/\/sandexplorer.online\/en\/wp-json\/wp\/v2\/users\/1"}],"replies":[{"embeddable":true,"href":"https:\/\/sandexplorer.online\/en\/wp-json\/wp\/v2\/comments?post=21"}],"version-history":[{"count":5,"href":"https:\/\/sandexplorer.online\/en\/wp-json\/wp\/v2\/pages\/21\/revisions"}],"predecessor-version":[{"id":96,"href":"https:\/\/sandexplorer.online\/en\/wp-json\/wp\/v2\/pages\/21\/revisions\/96"}],"wp:attachment":[{"href":"https:\/\/sandexplorer.online\/en\/wp-json\/wp\/v2\/media?parent=21"}],"curies":[{"name":"wp","href":"https:\/\/api.w.org\/{rel}","templated":true}]}}